{"id":16503,"date":"2024-08-05T07:55:39","date_gmt":"2024-08-05T05:55:39","guid":{"rendered":"https:\/\/indiesworld.org\/nou-partener\/"},"modified":"2026-02-07T02:18:12","modified_gmt":"2026-02-07T01:18:12","slug":"nou-partener","status":"publish","type":"page","link":"https:\/\/indiesworld.org\/mfe\/nou-partener\/","title":{"rendered":"Nou partener"},"content":{"rendered":"\t\t<div data-elementor-type=\"wp-page\" data-elementor-id=\"16503\" class=\"elementor elementor-16503 elementor-795\" data-elementor-post-type=\"page\">\n\t\t\t\t<div class=\"elementor-element elementor-element-9c84d30 e-con-full e-flex wpr-particle-no wpr-jarallax-no wpr-parallax-no wpr-sticky-section-no e-con e-parent\" data-id=\"9c84d30\" data-element_type=\"container\" data-e-type=\"container\" data-settings=\"{&quot;background_background&quot;:&quot;classic&quot;,&quot;shape_divider_top&quot;:&quot;waves&quot;}\">\n\t\t\t\t<div class=\"elementor-shape elementor-shape-top\" aria-hidden=\"true\" data-negative=\"false\">\n\t\t\t<svg xmlns=\"http:\/\/www.w3.org\/2000\/svg\" viewBox=\"0 0 1000 100\" preserveAspectRatio=\"none\">\n\t<path class=\"elementor-shape-fill\" d=\"M421.9,6.5c22.6-2.5,51.5,0.4,75.5,5.3c23.6,4.9,70.9,23.5,100.5,35.7c75.8,32.2,133.7,44.5,192.6,49.7\n\tc23.6,2.1,48.7,3.5,103.4-2.5c54.7-6,106.2-25.6,106.2-25.6V0H0v30.3c0,0,72,32.6,158.4,30.5c39.2-0.7,92.8-6.7,134-22.4\n\tc21.2-8.1,52.2-18.2,79.7-24.2C399.3,7.9,411.6,7.5,421.9,6.5z\"\/>\n<\/svg>\t\t<\/div>\n\t\t<div class=\"elementor-element elementor-element-b1408b0 e-con-full e-flex wpr-particle-no wpr-jarallax-no wpr-parallax-no wpr-sticky-section-no e-con e-child\" data-id=\"b1408b0\" data-element_type=\"container\" data-e-type=\"container\">\n\t\t\t\t<div class=\"elementor-element elementor-element-613fce8 elementor-widget elementor-widget-heading\" data-id=\"613fce8\" data-element_type=\"widget\" data-e-type=\"widget\" data-widget_type=\"heading.default\">\n\t\t\t\t<div class=\"elementor-widget-container\">\n\t\t\t\t\t<h1 class=\"elementor-heading-title elementor-size-default\">Zot fer nou konfians<\/h1>\t\t\t\t<\/div>\n\t\t\t\t<\/div>\n\t\t\t\t<\/div>\n\t\t\t\t<\/div>\n\t\t<div class=\"elementor-element elementor-element-eebd48a e-flex e-con-boxed wpr-particle-no wpr-jarallax-no wpr-parallax-no wpr-sticky-section-no e-con e-parent\" data-id=\"eebd48a\" data-element_type=\"container\" data-e-type=\"container\">\n\t\t\t\t\t<div class=\"e-con-inner\">\n\t\t\t\t<div class=\"elementor-element elementor-element-a1ddbbb elementor-widget elementor-widget-text-editor\" data-id=\"a1ddbbb\" data-element_type=\"widget\" data-e-type=\"widget\" data-widget_type=\"text-editor.default\">\n\t\t\t\t<div class=\"elementor-widget-container\">\n\t\t\t\t\t\t\t\t\t<p>Nou remersie tou nou bann partner avek boukou rekonesans pou zot soutyen bien presie pou nou ek pou nou bann lisien\u2026 Mersi!<\/p>\t\t\t\t\t\t\t\t<\/div>\n\t\t\t\t<\/div>\n\t\t\t\t\t<\/div>\n\t\t\t\t<\/div>\n\t\t<div class=\"elementor-element elementor-element-a3cafe1 e-grid e-con-boxed wpr-particle-no wpr-jarallax-no wpr-parallax-no wpr-sticky-section-no e-con e-parent\" data-id=\"a3cafe1\" data-element_type=\"container\" data-e-type=\"container\">\n\t\t\t\t\t<div class=\"e-con-inner\">\n\t\t\t\t<div class=\"elementor-element elementor-element-ca1ea78 elementor-widget elementor-widget-image\" data-id=\"ca1ea78\" data-element_type=\"widget\" data-e-type=\"widget\" data-widget_type=\"image.default\">\n\t\t\t\t<div class=\"elementor-widget-container\">\n\t\t\t\t\t\t\t\t\t\t\t\t<figure class=\"wp-caption\">\n\t\t\t\t\t\t\t\t\t\t\t<a href=\"https:\/\/www.espacemaison.mu\/shop\/pet-corner\" target=\"_blank\">\n\t\t\t\t\t\t\t<img fetchpriority=\"high\" decoding=\"async\" width=\"800\" height=\"420\" src=\"https:\/\/indiesworld.org\/wp-content\/uploads\/2025\/12\/espace-maison-1024x538.png\" class=\"attachment-large size-large wp-image-18016\" alt=\"\" srcset=\"https:\/\/indiesworld.org\/wp-content\/uploads\/2025\/12\/espace-maison-1024x538.png 1024w, https:\/\/indiesworld.org\/wp-content\/uploads\/2025\/12\/espace-maison-300x158.png 300w, https:\/\/indiesworld.org\/wp-content\/uploads\/2025\/12\/espace-maison-768x403.png 768w, https:\/\/indiesworld.org\/wp-content\/uploads\/2025\/12\/espace-maison.png 1200w\" sizes=\"(max-width: 800px) 100vw, 800px\" \/>\t\t\t\t\t\t\t\t<\/a>\n\t\t\t\t\t\t\t\t\t\t\t<figcaption class=\"widget-image-caption wp-caption-text\">Kolaborasion evenman<\/figcaption>\n\t\t\t\t\t\t\t\t\t\t<\/figure>\n\t\t\t\t\t\t\t\t\t<\/div>\n\t\t\t\t<\/div>\n\t\t\t\t<div class=\"elementor-element elementor-element-2ff9318 elementor-widget elementor-widget-image\" data-id=\"2ff9318\" data-element_type=\"widget\" data-e-type=\"widget\" data-widget_type=\"image.default\">\n\t\t\t\t<div class=\"elementor-widget-container\">\n\t\t\t\t\t\t\t\t\t\t\t\t<figure class=\"wp-caption\">\n\t\t\t\t\t\t\t\t\t\t<img decoding=\"async\" width=\"800\" height=\"566\" src=\"https:\/\/indiesworld.org\/wp-content\/uploads\/2024\/08\/FOXYTAXILOGO-1024x724.png\" class=\"attachment-large size-large wp-image-810\" alt=\"\" srcset=\"https:\/\/indiesworld.org\/wp-content\/uploads\/2024\/08\/FOXYTAXILOGO-1024x724.png 1024w, https:\/\/indiesworld.org\/wp-content\/uploads\/2024\/08\/FOXYTAXILOGO-300x212.png 300w, https:\/\/indiesworld.org\/wp-content\/uploads\/2024\/08\/FOXYTAXILOGO-768x543.png 768w, https:\/\/indiesworld.org\/wp-content\/uploads\/2024\/08\/FOXYTAXILOGO-1536x1087.png 1536w, https:\/\/indiesworld.org\/wp-content\/uploads\/2024\/08\/FOXYTAXILOGO.png 1753w\" sizes=\"(max-width: 800px) 100vw, 800px\" \/>\t\t\t\t\t\t\t\t\t\t\t<figcaption class=\"widget-image-caption wp-caption-text\">Soutyen pou transp\u00f2<\/figcaption>\n\t\t\t\t\t\t\t\t\t\t<\/figure>\n\t\t\t\t\t\t\t\t\t<\/div>\n\t\t\t\t<\/div>\n\t\t\t\t<div class=\"elementor-element elementor-element-23b8323 elementor-widget elementor-widget-image\" data-id=\"23b8323\" data-element_type=\"widget\" data-e-type=\"widget\" data-widget_type=\"image.default\">\n\t\t\t\t<div class=\"elementor-widget-container\">\n\t\t\t\t\t\t\t\t\t\t\t\t<figure class=\"wp-caption\">\n\t\t\t\t\t\t\t\t\t\t\t<a href=\"https:\/\/www.facebook.com\/Charitycentretamarin\/\" target=\"_blank\">\n\t\t\t\t\t\t\t<img decoding=\"async\" width=\"800\" height=\"800\" src=\"https:\/\/indiesworld.org\/wp-content\/uploads\/2024\/08\/Charity_logo.png\" class=\"attachment-large size-large wp-image-817\" alt=\"\" srcset=\"https:\/\/indiesworld.org\/wp-content\/uploads\/2024\/08\/Charity_logo.png 999w, https:\/\/indiesworld.org\/wp-content\/uploads\/2024\/08\/Charity_logo-300x300.png 300w, https:\/\/indiesworld.org\/wp-content\/uploads\/2024\/08\/Charity_logo-150x150.png 150w, https:\/\/indiesworld.org\/wp-content\/uploads\/2024\/08\/Charity_logo-768x768.png 768w\" sizes=\"(max-width: 800px) 100vw, 800px\" \/>\t\t\t\t\t\t\t\t<\/a>\n\t\t\t\t\t\t\t\t\t\t\t<figcaption class=\"widget-image-caption wp-caption-text\">Sponsor sterilizasion ek donasyon regilier<\/figcaption>\n\t\t\t\t\t\t\t\t\t\t<\/figure>\n\t\t\t\t\t\t\t\t\t<\/div>\n\t\t\t\t<\/div>\n\t\t\t\t<div class=\"elementor-element elementor-element-aef783c elementor-widget elementor-widget-image\" data-id=\"aef783c\" data-element_type=\"widget\" data-e-type=\"widget\" data-widget_type=\"image.default\">\n\t\t\t\t<div class=\"elementor-widget-container\">\n\t\t\t\t\t\t\t\t\t\t\t\t<figure class=\"wp-caption\">\n\t\t\t\t\t\t\t\t\t\t\t<a href=\"https:\/\/www.facebook.com\/profile.php?id=100063872618094\" target=\"_blank\">\n\t\t\t\t\t\t\t<img loading=\"lazy\" decoding=\"async\" width=\"608\" height=\"585\" src=\"https:\/\/indiesworld.org\/wp-content\/uploads\/2024\/08\/75241070_736017710144212_5062038825748922368_n.jpg\" class=\"attachment-large size-large wp-image-818\" alt=\"\" srcset=\"https:\/\/indiesworld.org\/wp-content\/uploads\/2024\/08\/75241070_736017710144212_5062038825748922368_n.jpg 608w, https:\/\/indiesworld.org\/wp-content\/uploads\/2024\/08\/75241070_736017710144212_5062038825748922368_n-300x289.jpg 300w\" sizes=\"(max-width: 608px) 100vw, 608px\" \/>\t\t\t\t\t\t\t\t<\/a>\n\t\t\t\t\t\t\t\t\t\t\t<figcaption class=\"widget-image-caption wp-caption-text\">Ledikasion kanin ek reabilitasion<\/figcaption>\n\t\t\t\t\t\t\t\t\t\t<\/figure>\n\t\t\t\t\t\t\t\t\t<\/div>\n\t\t\t\t<\/div>\n\t\t\t\t<div class=\"elementor-element elementor-element-0d108da elementor-widget elementor-widget-image\" data-id=\"0d108da\" data-element_type=\"widget\" data-e-type=\"widget\" data-widget_type=\"image.default\">\n\t\t\t\t<div class=\"elementor-widget-container\">\n\t\t\t\t\t\t\t\t\t\t\t\t<figure class=\"wp-caption\">\n\t\t\t\t\t\t\t\t\t\t\t<a href=\"https:\/\/www.petstore.mu\/\" target=\"_blank\">\n\t\t\t\t\t\t\t<img loading=\"lazy\" decoding=\"async\" width=\"768\" height=\"768\" src=\"https:\/\/indiesworld.org\/wp-content\/uploads\/2024\/08\/Petstore_logo.png\" class=\"attachment-large size-large wp-image-819\" alt=\"\" srcset=\"https:\/\/indiesworld.org\/wp-content\/uploads\/2024\/08\/Petstore_logo.png 768w, https:\/\/indiesworld.org\/wp-content\/uploads\/2024\/08\/Petstore_logo-300x300.png 300w, https:\/\/indiesworld.org\/wp-content\/uploads\/2024\/08\/Petstore_logo-150x150.png 150w\" sizes=\"(max-width: 768px) 100vw, 768px\" \/>\t\t\t\t\t\t\t\t<\/a>\n\t\t\t\t\t\t\t\t\t\t\t<figcaption class=\"widget-image-caption wp-caption-text\">Rab\u00e8 ek kolaborasion evenman<\/figcaption>\n\t\t\t\t\t\t\t\t\t\t<\/figure>\n\t\t\t\t\t\t\t\t\t<\/div>\n\t\t\t\t<\/div>\n\t\t\t\t<div class=\"elementor-element elementor-element-f5bb675 elementor-widget elementor-widget-image\" data-id=\"f5bb675\" data-element_type=\"widget\" data-e-type=\"widget\" data-widget_type=\"image.default\">\n\t\t\t\t<div class=\"elementor-widget-container\">\n\t\t\t\t\t\t\t\t\t\t\t\t<figure class=\"wp-caption\">\n\t\t\t\t\t\t\t\t\t\t\t<a href=\"https:\/\/www.facebook.com\/iniciapetandvet\/\" target=\"_blank\">\n\t\t\t\t\t\t\t<img loading=\"lazy\" decoding=\"async\" width=\"339\" height=\"149\" src=\"https:\/\/indiesworld.org\/wp-content\/uploads\/2025\/12\/inicia.jpeg\" class=\"attachment-large size-large wp-image-18019\" alt=\"\" srcset=\"https:\/\/indiesworld.org\/wp-content\/uploads\/2025\/12\/inicia.jpeg 339w, https:\/\/indiesworld.org\/wp-content\/uploads\/2025\/12\/inicia-300x132.jpeg 300w\" sizes=\"(max-width: 339px) 100vw, 339px\" \/>\t\t\t\t\t\t\t\t<\/a>\n\t\t\t\t\t\t\t\t\t\t\t<figcaption class=\"widget-image-caption wp-caption-text\">Donasyon regilier<\/figcaption>\n\t\t\t\t\t\t\t\t\t\t<\/figure>\n\t\t\t\t\t\t\t\t\t<\/div>\n\t\t\t\t<\/div>\n\t\t\t\t<div class=\"elementor-element elementor-element-af43c74 elementor-widget elementor-widget-image\" data-id=\"af43c74\" data-element_type=\"widget\" data-e-type=\"widget\" data-widget_type=\"image.default\">\n\t\t\t\t<div class=\"elementor-widget-container\">\n\t\t\t\t\t\t\t\t\t\t\t\t<figure class=\"wp-caption\">\n\t\t\t\t\t\t\t\t\t\t\t<a href=\"https:\/\/www.royalcanin.com\/\" target=\"_blank\">\n\t\t\t\t\t\t\t<img loading=\"lazy\" decoding=\"async\" width=\"284\" height=\"177\" src=\"https:\/\/indiesworld.org\/wp-content\/uploads\/2025\/12\/royal-canin.png\" class=\"attachment-large size-large wp-image-18108\" alt=\"\" \/>\t\t\t\t\t\t\t\t<\/a>\n\t\t\t\t\t\t\t\t\t\t\t<figcaption class=\"widget-image-caption wp-caption-text\">Donation r\u00e9guli\u00e8re<\/figcaption>\n\t\t\t\t\t\t\t\t\t\t<\/figure>\n\t\t\t\t\t\t\t\t\t<\/div>\n\t\t\t\t<\/div>\n\t\t\t\t\t<\/div>\n\t\t\t\t<\/div>\n\t\t\t\t<\/div>\n\t\t","protected":false},"excerpt":{"rendered":"<p>Zot fer nou konfians Nou remersie tou nou bann partner avek boukou rekonesans pou zot soutyen bien presie pou nou ek pou nou bann lisien\u2026 Mersi! Kolaborasion evenman Soutyen pou transp\u00f2 Sponsor sterilizasion ek donasyon regilier Ledikasion kanin ek reabilitasion Rab\u00e8 ek kolaborasion evenman Donasyon regilier Donation r\u00e9guli\u00e8re<\/p>\n","protected":false},"author":1,"featured_media":0,"parent":0,"menu_order":0,"comment_status":"closed","ping_status":"closed","template":"elementor_header_footer","meta":{"_acf_changed":false,"footnotes":""},"class_list":["post-16503","page","type-page","status-publish","hentry"],"acf":[],"_links":{"self":[{"href":"https:\/\/indiesworld.org\/mfe\/wp-json\/wp\/v2\/pages\/16503","targetHints":{"allow":["GET"]}}],"collection":[{"href":"https:\/\/indiesworld.org\/mfe\/wp-json\/wp\/v2\/pages"}],"about":[{"href":"https:\/\/indiesworld.org\/mfe\/wp-json\/wp\/v2\/types\/page"}],"author":[{"embeddable":true,"href":"https:\/\/indiesworld.org\/mfe\/wp-json\/wp\/v2\/users\/1"}],"replies":[{"embeddable":true,"href":"https:\/\/indiesworld.org\/mfe\/wp-json\/wp\/v2\/comments?post=16503"}],"version-history":[{"count":2,"href":"https:\/\/indiesworld.org\/mfe\/wp-json\/wp\/v2\/pages\/16503\/revisions"}],"predecessor-version":[{"id":19114,"href":"https:\/\/indiesworld.org\/mfe\/wp-json\/wp\/v2\/pages\/16503\/revisions\/19114"}],"wp:attachment":[{"href":"https:\/\/indiesworld.org\/mfe\/wp-json\/wp\/v2\/media?parent=16503"}],"curies":[{"name":"wp","href":"https:\/\/api.w.org\/{rel}","templated":true}]}}